{"id":2706,"date":"2024-12-04T16:28:21","date_gmt":"2024-12-04T16:28:21","guid":{"rendered":"https:\/\/venamievento.online\/landing\/?post_type=product&#038;p=2706"},"modified":"2024-12-05T17:23:10","modified_gmt":"2024-12-05T17:23:10","slug":"invitacion-virtual","status":"publish","type":"product","link":"https:\/\/venamievento.online\/landing\/producto\/invitacion-virtual\/","title":{"rendered":"Invitaci\u00f3n Virtual"},"content":{"rendered":"<h3>\u00bfUna invitaci\u00f3n Virtual? \u00a1Incre\u00edble!<\/h3>\n<p>La tecnolog\u00eda avanza d\u00eda a d\u00eda de una forma tan r\u00e1pida que si no te actualizas te quedas atr\u00e1s. Antes si hac\u00edas un evento corporativo como una boda, 15 a\u00f1os, graduaci\u00f3n, hacer un arte y tirarlo en redes y compartirlo por WhatsApp, E-mail e imprmirlo y repartir volantes era la forma m\u00e1s \u00abEfectiva\u00bb de promoci\u00f3n, pero ahora que todos vemos casi todo en nuestro tel\u00e9fono, surgieron nuevas formas de promocionar productos y servidcios. As\u00ed nace\u00a0<strong>Ven a Mi Evento<\/strong>.<\/p>\n<p>Te ofrecemos una invitaci\u00f3n virtual e interactiva la cual permitir\u00e1 que la promoci\u00f3n a tu evento sea algo \u00fanica y sobrenatural. Con ella puedes:<\/p>\n<ul>\n<li>Promocionar tu evento con el arte final en alta resoluci\u00f3n,<\/li>\n<li>Incluir todas las redes sociales del evento o del promotor \/ marca que organiza el evento<\/li>\n<li>Crear un link que permita dirigir a una tienda automatizada de tickets o marketplace donde vendas tus entradas o simplemente un enlace que inicie un chat de WhatsApp a un n\u00famero designado con un mensaje autom\u00e1tico como \u00abQuiero comprar mis entradas para el evento \u00abXXX\u00bb ya mismo\u00bb para hacer m\u00e1s f\u00e1cil y automatizado el proceso<\/li>\n<li>Un link para guardar todos los datos de tu evento en el calendario de quien visita el flyer, con 2 recordatorios programados por ti<\/li>\n<li>Link que iniciar\u00e1 Waze o Google Maps para dirigir al usuario al evneto<\/li>\n<li>Contenido multimedia como una canci\u00f3n de\u00a0<strong>Spotify<\/strong>\u00a0(un preview de la canci\u00f3n o completa, seg\u00fan el artista y sus restricciones), un video de\u00a0<strong>YouTube<\/strong>, reproducible desde la invitaci\u00f3n virtual sin necesidad de abrir la app, una playlist o canci\u00f3n de\u00a0<strong>SoundCloud<\/strong>\u00a0totalmente independiente a la app, un video de\u00a0<strong>Vimeo,\u00a0<\/strong>un video de\u00a0<strong>Tik Tok,\u00a0<\/strong>contenido de\u00a0<b>Threads<\/b>,\u00a0<b>Twitch<\/b>\u2026\u00a0 \u00bf<strong>Incre\u00edble no?<\/strong><\/li>\n<\/ul>\n","protected":false},"excerpt":{"rendered":"<h3>Ver Descripci\u00f3n del servicio abajo de la imagen<\/h3>\n<h4>\u00bfC\u00f3mo contratar el servicio?<\/h4>\n<ol>\n<li>Le das en \u201cA\u00f1adir a Carrito\u201d.<\/li>\n<li>Le das en Realizar Pedido<\/li>\n<li>Ingresas tus datos si a\u00fan no tienes cuenta<\/li>\n<li>Generar\u00e1s la orden v\u00eda WhatsApp para que uno de nuestros agentes procese la orden y te diga los m\u00e9todos de pago disponibles que son: Transferencia ACH Bancaria, Link de Pago con Tarjeta de Cr\u00e9dito \/ D\u00e9bito.<\/li>\n<li>Ya realizado tu pago y entregado el comprobante, procesaremos tu pedido como \u201cCompletado\u201d y empezaremos a dise\u00f1ar tu flyers virtual.<\/li>\n<\/ol>\n","protected":false},"featured_media":2709,"comment_status":"open","ping_status":"closed","template":"","meta":{"_joinchat":[]},"product_cat":[41],"product_tag":[],"class_list":{"0":"post-2706","1":"product","2":"type-product","3":"status-publish","4":"has-post-thumbnail","6":"product_cat-invitaciones-virtuales","8":"first","9":"instock","10":"shipping-taxable","11":"purchasable","12":"product-type-variable"},"_links":{"self":[{"href":"https:\/\/venamievento.online\/landing\/wp-json\/wp\/v2\/product\/2706","targetHints":{"allow":["GET"]}}],"collection":[{"href":"https:\/\/venamievento.online\/landing\/wp-json\/wp\/v2\/product"}],"about":[{"href":"https:\/\/venamievento.online\/landing\/wp-json\/wp\/v2\/types\/product"}],"replies":[{"embeddable":true,"href":"https:\/\/venamievento.online\/landing\/wp-json\/wp\/v2\/comments?post=2706"}],"wp:featuredmedia":[{"embeddable":true,"href":"https:\/\/venamievento.online\/landing\/wp-json\/wp\/v2\/media\/2709"}],"wp:attachment":[{"href":"https:\/\/venamievento.online\/landing\/wp-json\/wp\/v2\/media?parent=2706"}],"wp:term":[{"taxonomy":"product_cat","embeddable":true,"href":"https:\/\/venamievento.online\/landing\/wp-json\/wp\/v2\/product_cat?post=2706"},{"taxonomy":"product_tag","embeddable":true,"href":"https:\/\/venamievento.online\/landing\/wp-json\/wp\/v2\/product_tag?post=2706"}],"curies":[{"name":"wp","href":"https:\/\/api.w.org\/{rel}","templated":true}]}}